{"id":37,"date":"2022-07-15T15:25:02","date_gmt":"2022-07-15T18:25:02","guid":{"rendered":"https:\/\/abipp.com.br\/?page_id=37"},"modified":"2022-08-04T10:14:51","modified_gmt":"2022-08-04T13:14:51","slug":"historia","status":"publish","type":"page","link":"https:\/\/www.abipp.com.br\/index.php\/historia\/","title":{"rendered":"Hist\u00f3ria"},"content":{"rendered":"\n<p><strong>Como bem sabemos, tudo no mundo surge, bem como as coisas s\u00e3o criadas sempre a partir de uma necessidade e para um bem comum. Com a certeza de que em nossa regi\u00e3o (Nova Odessa, Americana, Santa B\u00e1rbara D\u00b4Oeste, Sumar\u00e9 e Limeira) n\u00e3o se tinha nada voltado a amparar e garantir a atua\u00e7\u00e3o dos profissionais ligados \u00e0 Psican\u00e1lise, somando-se ainda o apoio do Instituto Roseli D Morais, de onde partiu a id\u00e9ia, decidimos ent\u00e3o criar a ABIPP \u2013 Associa\u00e7\u00e3o Brasileira de Integra\u00e7\u00e3o dos Profissionais de Psican\u00e1lise, com uma abrang\u00eancia e extens\u00e3o muito maior que a nossa regi\u00e3o, estamos de portas abertas para o Brasil e para o Mundo.<\/strong><\/p>\n\n\n\n<p><strong>Nosso desafio e maior objetivo \u00e9 dar guarida em todos os sentidos a todos os profissionais de Psican\u00e1lise, bem como chancelar os cursos, mat\u00e9rias e as escolas de Psican\u00e1lise que assim o desejar.<\/strong><\/p>\n\n\n\n<p><strong>Como se trata de hist\u00f3ria, queremos deixar registrado aqui, os profissionais que ergueram esta bandeira, marcharam em frente e deixaram este legado para todos, os fundadores da ABIPP:<\/strong><\/p>\n\n\n\n<p><strong>Edson Donizeti Cavichioli, Adriana Aparecida Lobo, Roseli Aparecida Cassaro Domingues de Morais, Antonia Perissinotto Bizetto, Waldomiro Nogueira dos Santos, Edvaldo Martino, Reinaldo Silva de Lima, Silvio Luiz de Oliveira, Gl\u00e1ucio Eduardo Parazzi e Angelina Sorato.<\/strong><\/p>\n\n\n\n<p><\/p>\n","protected":false},"excerpt":{"rendered":"<p>Como bem sabemos, tudo no mundo surge, bem como as coisas s\u00e3o criadas sempre a partir de uma necessidade e para um bem comum. Com a certeza de que em nossa regi\u00e3o (Nova Odessa, Americana, Santa B\u00e1rbara D\u00b4Oeste, Sumar\u00e9 e Limeira) n\u00e3o se tinha nada voltado a amparar e garantir a atua\u00e7\u00e3o dos profissionais ligados &hellip; <\/p>\n<p class=\"link-more\"><a href=\"https:\/\/www.abipp.com.br\/index.php\/historia\/\" class=\"more-link\">Leia mais<span class=\"screen-reader-text\"> &#8220;Hist\u00f3ria&#8221;<\/span><\/a><\/p>\n","protected":false},"author":1,"featured_media":0,"parent":0,"menu_order":0,"comment_status":"closed","ping_status":"closed","template":"","meta":{"inspiro_hide_title":false,"footnotes":""},"class_list":["post-37","page","type-page","status-publish","hentry"],"aioseo_notices":[],"_links":{"self":[{"href":"https:\/\/www.abipp.com.br\/index.php\/wp-json\/wp\/v2\/pages\/37","targetHints":{"allow":["GET"]}}],"collection":[{"href":"https:\/\/www.abipp.com.br\/index.php\/wp-json\/wp\/v2\/pages"}],"about":[{"href":"https:\/\/www.abipp.com.br\/index.php\/wp-json\/wp\/v2\/types\/page"}],"author":[{"embeddable":true,"href":"https:\/\/www.abipp.com.br\/index.php\/wp-json\/wp\/v2\/users\/1"}],"replies":[{"embeddable":true,"href":"https:\/\/www.abipp.com.br\/index.php\/wp-json\/wp\/v2\/comments?post=37"}],"version-history":[{"count":2,"href":"https:\/\/www.abipp.com.br\/index.php\/wp-json\/wp\/v2\/pages\/37\/revisions"}],"predecessor-version":[{"id":151,"href":"https:\/\/www.abipp.com.br\/index.php\/wp-json\/wp\/v2\/pages\/37\/revisions\/151"}],"wp:attachment":[{"href":"https:\/\/www.abipp.com.br\/index.php\/wp-json\/wp\/v2\/media?parent=37"}],"curies":[{"name":"wp","href":"https:\/\/api.w.org\/{rel}","templated":true}]}}