{"id":41,"date":"2022-07-15T15:31:58","date_gmt":"2022-07-15T18:31:58","guid":{"rendered":"https:\/\/abipp.com.br\/?page_id=41"},"modified":"2022-07-15T15:31:59","modified_gmt":"2022-07-15T18:31:59","slug":"objetivos","status":"publish","type":"page","link":"https:\/\/www.abipp.com.br\/index.php\/objetivos\/","title":{"rendered":"Objetivos"},"content":{"rendered":"\n<p>Associa\u00e7\u00e3o Brasileira de Integra\u00e7\u00e3o dos Profissionais de Psican\u00e1lise, neste estatuto designada, simplesmente, como <strong>ABIPP<\/strong>, fundada em data de 20\/02\/2021, \u00e9 uma associa\u00e7\u00e3o de direito privado, constitu\u00edda por tempo indeterminado, sem fins econ\u00f4micos, de car\u00e1ter social, sem cunho pol\u00edtico ou partid\u00e1rio, com a finalidade de difundir o estudo e a pesquisa da Psican\u00e1lise no Brasil e no exterior, independente de classe social, nacionalidade, sexo, ra\u00e7a, cor ou cren\u00e7a religiosa.<\/p>\n\n\n\n<p>No desenvolvimento de suas atividades, a Associa\u00e7\u00e3o observar\u00e1 os princ\u00edpios da legalidade, impessoalidade, moralidade, publicidade, economicidade e da efici\u00eancia, com as seguintes prerrogativas:<\/p>\n\n\n\n<p>Preservar e expandir os interesses de seus associados e de toda a categoria que exerce a psican\u00e1lise por profiss\u00e3o;<\/p>\n\n\n\n<p>Implantar, divulgar e incrementar estudos sobre a psican\u00e1lise;<\/p>\n\n\n\n<p>Postular e adotar medidas \u00fateis ao interesse dos profissionais associados em assuntos pertinentes ao campo da psican\u00e1lise;<\/p>\n\n\n\n<p>Promover semin\u00e1rios, simp\u00f3sios, congressos, conven\u00e7\u00f5es, confer\u00eancias e concentra\u00e7\u00f5es para a capacita\u00e7\u00e3o, aprimoramento e divulga\u00e7\u00e3o da psican\u00e1lise;<\/p>\n\n\n\n<p>Promover e facilitar \u00e0 coopera\u00e7\u00e3o entre pesquisadores, profissionais e estudantes de psican\u00e1lise e \u00e1reas afins;<\/p>\n\n\n\n<p>Promover atividades did\u00e1ticas, bem como, publica\u00e7\u00e3o de material did\u00e1tico em livros, revistas, jornais, apostilas, m\u00eddias, etc&#8230;<\/p>\n\n\n\n<p>Manter interc\u00e2mbio com associa\u00e7\u00f5es cong\u00eaneres brasileiras e de outros pa\u00edses, inclusive para certifica\u00e7\u00e3o de estudos;<\/p>\n\n\n\n<p>Defender o direito dos que ensinam, pesquisam e dos que trabalham na aplica\u00e7\u00e3o dos conhecimentos psicanal\u00edticos;<\/p>\n\n\n\n<p>Manter uma biblioteca, f\u00edsica e digital na forma de livros, v\u00eddeos, teses, pesquisas, etc., para refer\u00eancia e consulta de seus associados;<\/p>\n\n\n\n<p>Representar todos os psicanalistas associados em \u00e2mbito nacional e de acordo com o Regimento Interno, perante reparti\u00e7\u00f5es p\u00fablicas federais, estaduais e municipais, e \u00f3rg\u00e3os da administra\u00e7\u00e3o p\u00fablica direta e indireta;<\/p>\n\n\n\n<p>Promover o conhecimento psicanal\u00edtico e colaborar para sua solidifica\u00e7\u00e3o e atualiza\u00e7\u00e3o constante junto a outras ci\u00eancias e saberes;<\/p>\n\n\n\n<p>Enfim, um desejo enorme de poder ajudar os profissionais e de alguma maneira poder contribuir com suas carreiras.<\/p>\n\n\n\n<p class=\"has-text-align-left\">Edson Donizeti Cavichioli<\/p>\n\n\n\n<p class=\"has-text-align-left\">Presidente<\/p>\n","protected":false},"excerpt":{"rendered":"<p>Associa\u00e7\u00e3o Brasileira de Integra\u00e7\u00e3o dos Profissionais de Psican\u00e1lise, neste estatuto designada, simplesmente, como ABIPP, fundada em data de 20\/02\/2021, \u00e9 uma associa\u00e7\u00e3o de direito privado, constitu\u00edda por tempo indeterminado, sem fins econ\u00f4micos, de car\u00e1ter social, sem cunho pol\u00edtico ou partid\u00e1rio, com a finalidade de difundir o estudo e a pesquisa da Psican\u00e1lise no Brasil e &hellip; <\/p>\n<p class=\"link-more\"><a href=\"https:\/\/www.abipp.com.br\/index.php\/objetivos\/\" class=\"more-link\">Leia mais<span class=\"screen-reader-text\"> &#8220;Objetivos&#8221;<\/span><\/a><\/p>\n","protected":false},"author":1,"featured_media":0,"parent":0,"menu_order":0,"comment_status":"closed","ping_status":"closed","template":"","meta":{"inspiro_hide_title":false,"footnotes":""},"class_list":["post-41","page","type-page","status-publish","hentry"],"aioseo_notices":[],"_links":{"self":[{"href":"https:\/\/www.abipp.com.br\/index.php\/wp-json\/wp\/v2\/pages\/41","targetHints":{"allow":["GET"]}}],"collection":[{"href":"https:\/\/www.abipp.com.br\/index.php\/wp-json\/wp\/v2\/pages"}],"about":[{"href":"https:\/\/www.abipp.com.br\/index.php\/wp-json\/wp\/v2\/types\/page"}],"author":[{"embeddable":true,"href":"https:\/\/www.abipp.com.br\/index.php\/wp-json\/wp\/v2\/users\/1"}],"replies":[{"embeddable":true,"href":"https:\/\/www.abipp.com.br\/index.php\/wp-json\/wp\/v2\/comments?post=41"}],"version-history":[{"count":1,"href":"https:\/\/www.abipp.com.br\/index.php\/wp-json\/wp\/v2\/pages\/41\/revisions"}],"predecessor-version":[{"id":42,"href":"https:\/\/www.abipp.com.br\/index.php\/wp-json\/wp\/v2\/pages\/41\/revisions\/42"}],"wp:attachment":[{"href":"https:\/\/www.abipp.com.br\/index.php\/wp-json\/wp\/v2\/media?parent=41"}],"curies":[{"name":"wp","href":"https:\/\/api.w.org\/{rel}","templated":true}]}}