{"id":75,"date":"2022-07-15T23:15:01","date_gmt":"2022-07-16T02:15:01","guid":{"rendered":"https:\/\/abipp.com.br\/?page_id=75"},"modified":"2026-02-23T09:05:34","modified_gmt":"2026-02-23T12:05:34","slug":"associe-se","status":"publish","type":"page","link":"https:\/\/www.abipp.com.br\/index.php\/associe-se\/","title":{"rendered":"Associe-se"},"content":{"rendered":"\r\n<p><strong>Seja Associado da ABIPP<\/strong>.<\/p>\r\n\r\n\r\n\r\n<p>Para ser associado basta ser formado ou aluno em<strong>\u00a0forma\u00e7\u00e3o em Psican\u00e1lise<\/strong>.<\/p>\r\n\r\n\r\n\r\n<p>&#8211; Valor da anuidade (25% do Sal\u00e1rio M\u00ednimo) = R$ 405,25<\/p>\r\n\r\n\r\n\r\n<p>\u200b- Para ingresso no decorrer do ano o valor ser\u00e1 cobrado proporcional.<\/p>\r\n\r\n\r\n\r\n<p>Ex: Inscri\u00e7\u00e3o em junho\/2026 (jun a dez\/2026 \u2013 7 meses) = R$ 405,25 \/ 12 * 7 = R$ 236,40<\/p>\r\n\r\n\r\n\r\n<p>&#8211; Documentos necess\u00e1rios: RG, CPF, Comprovante de resid\u00eancia, certificado de psican\u00e1lise, declara\u00e7\u00e3o de estudante em psican\u00e1lise, foto para carteira (com fundo branco)<\/p>\r\n\r\n\r\n\r\n<p>Preencher o formul\u00e1rio no link abaixo e enviar os documentos.<\/p>\r\n\r\n\r\n\r\n<p><a href=\"https:\/\/forms.gle\/QfZXzYGhuqZqgVVx7\" target=\"_blank\" rel=\"noopener\">https:\/\/forms.gle\/QfZXzYGhuqZqgVVx7<\/a><\/p>\r\n\r\n\r\n\r\n<p>&nbsp;<\/p>\r\n\r\n\r\n\r\n<p>&nbsp;<\/p>\r\n\r\n\r\n\r\n<p>&nbsp;<\/p>\r\n","protected":false},"excerpt":{"rendered":"<p>Seja Associado da ABIPP. Para ser associado basta ser formado ou aluno em\u00a0forma\u00e7\u00e3o em Psican\u00e1lise. &#8211; Valor da anuidade (25% do Sal\u00e1rio M\u00ednimo) = R$ 405,25 \u200b- Para ingresso no decorrer do ano o valor ser\u00e1 cobrado proporcional. Ex: Inscri\u00e7\u00e3o em junho\/2026 (jun a dez\/2026 \u2013 7 meses) = R$ 405,25 \/ 12 * 7 &hellip; <\/p>\n<p class=\"link-more\"><a href=\"https:\/\/www.abipp.com.br\/index.php\/associe-se\/\" class=\"more-link\">Leia mais<span class=\"screen-reader-text\"> &#8220;Associe-se&#8221;<\/span><\/a><\/p>\n","protected":false},"author":1,"featured_media":0,"parent":0,"menu_order":0,"comment_status":"closed","ping_status":"closed","template":"","meta":{"inspiro_hide_title":false,"footnotes":""},"class_list":["post-75","page","type-page","status-publish","hentry"],"aioseo_notices":[],"_links":{"self":[{"href":"https:\/\/www.abipp.com.br\/index.php\/wp-json\/wp\/v2\/pages\/75","targetHints":{"allow":["GET"]}}],"collection":[{"href":"https:\/\/www.abipp.com.br\/index.php\/wp-json\/wp\/v2\/pages"}],"about":[{"href":"https:\/\/www.abipp.com.br\/index.php\/wp-json\/wp\/v2\/types\/page"}],"author":[{"embeddable":true,"href":"https:\/\/www.abipp.com.br\/index.php\/wp-json\/wp\/v2\/users\/1"}],"replies":[{"embeddable":true,"href":"https:\/\/www.abipp.com.br\/index.php\/wp-json\/wp\/v2\/comments?post=75"}],"version-history":[{"count":15,"href":"https:\/\/www.abipp.com.br\/index.php\/wp-json\/wp\/v2\/pages\/75\/revisions"}],"predecessor-version":[{"id":230,"href":"https:\/\/www.abipp.com.br\/index.php\/wp-json\/wp\/v2\/pages\/75\/revisions\/230"}],"wp:attachment":[{"href":"https:\/\/www.abipp.com.br\/index.php\/wp-json\/wp\/v2\/media?parent=75"}],"curies":[{"name":"wp","href":"https:\/\/api.w.org\/{rel}","templated":true}]}}